{"id":105,"date":"2022-05-20T12:10:56","date_gmt":"2022-05-20T15:10:56","guid":{"rendered":"https:\/\/www.motelmorumbi.com.br\/promocoes\/home\/"},"modified":"2022-05-27T16:54:56","modified_gmt":"2022-05-27T19:54:56","slug":"home","status":"publish","type":"page","link":"https:\/\/www.motelmorumbi.com.br\/promocoes\/","title":{"rendered":"Home"},"content":{"rendered":"\t\t<div data-elementor-type=\"wp-page\" data-elementor-id=\"105\" class=\"elementor elementor-105\">\n\t\t\t\t\t\t\t\t\t<section class=\"elementor-section elementor-top-section elementor-element elementor-element-208556e elementor-section-content-middle elementor-section-boxed elementor-section-height-default elementor-section-height-default\" data-id=\"208556e\" data-element_type=\"section\">\n\t\t\t\t\t\t\t<div class=\"elementor-background-overlay\"><\/div>\n\t\t\t\t\t\t\t<div class=\"elementor-container elementor-column-gap-no\">\n\t\t\t\t\t<div class=\"elementor-column elementor-col-100 elementor-top-column elementor-element elementor-element-33977979\" data-id=\"33977979\" data-element_type=\"column\">\n\t\t\t<div class=\"elementor-widget-wrap elementor-element-populated\">\n\t\t\t\t\t\t\t\t<div class=\"elementor-element elementor-element-33b2b332 elementor-view-default elementor-mobile-position-top elementor-vertical-align-top elementor-widget elementor-widget-icon-box\" data-id=\"33b2b332\" data-element_type=\"widget\" data-widget_type=\"icon-box.default\">\n\t\t\t\t<div class=\"elementor-widget-container\">\n\t\t\t<link rel=\"stylesheet\" href=\"https:\/\/www.motelmorumbi.com.br\/promocoes\/wp-content\/plugins\/elementor\/assets\/css\/widget-icon-box.min.css\">\t\t<div class=\"elementor-icon-box-wrapper\">\n\t\t\t\t\t\t<div class=\"elementor-icon-box-icon\">\n\t\t\t\t<span class=\"elementor-icon elementor-animation-\" >\n\t\t\t\t<i aria-hidden=\"true\" class=\"fas fa-star\"><\/i>\t\t\t\t<\/span>\n\t\t\t<\/div>\n\t\t\t\t\t\t<div class=\"elementor-icon-box-content\">\n\t\t\t\t<h4 class=\"elementor-icon-box-title\">\n\t\t\t\t\t<span  >\n\t\t\t\t\t\tMOTEL MORUMBI\t\t\t\t\t<\/span>\n\t\t\t\t<\/h4>\n\t\t\t\t\t\t\t\t\t<p class=\"elementor-icon-box-description\">\n\t\t\t\t\t\tPromo\u00e7\u00f5es e Cortesias\t\t\t\t\t<\/p>\n\t\t\t\t\t\t\t<\/div>\n\t\t<\/div>\n\t\t\t\t<\/div>\n\t\t\t\t<\/div>\n\t\t\t\t<div class=\"elementor-element elementor-element-51d62234 elementor-widget elementor-widget-text-editor\" data-id=\"51d62234\" data-element_type=\"widget\" data-widget_type=\"text-editor.default\">\n\t\t\t\t<div class=\"elementor-widget-container\">\n\t\t\t<style>\/*! elementor - v3.6.6 - 08-06-2022 *\/\n.elementor-widget-text-editor.elementor-drop-cap-view-stacked .elementor-drop-cap{background-color:#818a91;color:#fff}.elementor-widget-text-editor.elementor-drop-cap-view-framed .elementor-drop-cap{color:#818a91;border:3px solid;background-color:transparent}.elementor-widget-text-editor:not(.elementor-drop-cap-view-default) .elementor-drop-cap{margin-top:8px}.elementor-widget-text-editor:not(.elementor-drop-cap-view-default) .elementor-drop-cap-letter{width:1em;height:1em}.elementor-widget-text-editor .elementor-drop-cap{float:left;text-align:center;line-height:1;font-size:50px}.elementor-widget-text-editor .elementor-drop-cap-letter{display:inline-block}<\/style>\t\t\t\t<p><span style=\"font-size: 11pt; font-family: Arial; color: #000000; background-color: transparent; font-weight: 400; font-style: normal; font-variant: normal; text-decoration: none; vertical-align: baseline; white-space: pre-wrap;\">V\u00e1lidas s\u00f3 para su\u00edtes com hidromassagem e per\u00edodos de 12h, de 2.\u00aa a 5.\u00aa Feira, exceto feriados e Dia dos Namorados.<\/span><\/p><p><span style=\"background-color: transparent; color: #000000; font-family: Arial; font-size: 11pt; white-space: pre-wrap; letter-spacing: var( --e-global-typography-c05b693-letter-spacing ); text-transform: var( --e-global-typography-c05b693-text-transform ); word-spacing: var( --e-global-typography-c05b693-word-spacing );\">Caf\u00e9 da manh\u00e3 de pernoite (simples) com entradas at\u00e9 \u00e0s 20:00 (servido das 6:30 \u00e0s 8:00).<\/span><\/p><p><span style=\"font-size: 11pt; font-family: Arial; color: #000000; background-color: transparent; font-weight: 400; font-style: normal; font-variant: normal; text-decoration: none; vertical-align: baseline; white-space: pre-wrap;\">Pizza de Mussarela ou Calabresa com entrada at\u00e9 as 10:00 da manh\u00e3 (servida entre 12:00 e 15:00).<\/span><\/p><p><span style=\"font-size: 11pt; font-family: Arial; color: #000000; background-color: transparent; font-weight: 400; font-style: normal; font-variant: normal; text-decoration: none; vertical-align: baseline; white-space: pre-wrap;\">Ch\u00e1 da tarde (pode ser caf\u00e9 ou chocolate tamb\u00e9m) com entrada at\u00e9 as 14:00 (servido entre \u00e0s 16:00 e 18:00).<\/span><\/p><p><span style=\"font-size: 11pt; font-family: Arial; color: #000000; background-color: transparent; font-weight: 400; font-style: normal; font-variant: normal; text-decoration: none; vertical-align: baseline; white-space: pre-wrap;\">Desconto de 10% mediante cupom impresso ou digital.<\/span><\/p><p><span style=\"font-size: 11pt; font-family: Arial; color: #000000; background-color: transparent; font-weight: 400; font-style: normal; font-variant: normal; text-decoration: none; vertical-align: baseline; white-space: pre-wrap;\">Aten\u00e7\u00e3o: Promo\u00e7\u00f5es n\u00e3o cumulativas (ou seja, s\u00f3 \u00e9 valida uma por hospedagem).<\/span><\/p>\t\t\t\t\t\t<\/div>\n\t\t\t\t<\/div>\n\t\t\t\t\t<\/div>\n\t\t<\/div>\n\t\t\t\t\t\t\t<\/div>\n\t\t<\/section>\n\t\t\t\t<section class=\"elementor-section elementor-top-section elementor-element elementor-element-19b7f03e elementor-section-content-middle elementor-reverse-mobile elementor-section-boxed elementor-section-height-default elementor-section-height-default\" data-id=\"19b7f03e\" data-element_type=\"section\" data-settings=\"{&quot;background_background&quot;:&quot;classic&quot;}\">\n\t\t\t\t\t\t<div class=\"elementor-container elementor-column-gap-no\">\n\t\t\t\t\t<div class=\"elementor-column elementor-col-50 elementor-top-column elementor-element elementor-element-70711542\" data-id=\"70711542\" data-element_type=\"column\">\n\t\t\t<div class=\"elementor-widget-wrap elementor-element-populated\">\n\t\t\t\t\t\t\t\t<div class=\"elementor-element elementor-element-78d7c946 elementor-widget elementor-widget-text-editor\" data-id=\"78d7c946\" data-element_type=\"widget\" data-widget_type=\"text-editor.default\">\n\t\t\t\t<div class=\"elementor-widget-container\">\n\t\t\t\t\t\t\t<p>cupom<\/p>\t\t\t\t\t\t<\/div>\n\t\t\t\t<\/div>\n\t\t\t\t<div class=\"elementor-element elementor-element-5aabd672 elementor-widget elementor-widget-heading\" data-id=\"5aabd672\" data-element_type=\"widget\" data-widget_type=\"heading.default\">\n\t\t\t\t<div class=\"elementor-widget-container\">\n\t\t\t<style>\/*! elementor - v3.6.6 - 08-06-2022 *\/\n.elementor-heading-title{padding:0;margin:0;line-height:1}.elementor-widget-heading .elementor-heading-title[class*=elementor-size-]>a{color:inherit;font-size:inherit;line-height:inherit}.elementor-widget-heading .elementor-heading-title.elementor-size-small{font-size:15px}.elementor-widget-heading .elementor-heading-title.elementor-size-medium{font-size:19px}.elementor-widget-heading .elementor-heading-title.elementor-size-large{font-size:29px}.elementor-widget-heading .elementor-heading-title.elementor-size-xl{font-size:39px}.elementor-widget-heading .elementor-heading-title.elementor-size-xxl{font-size:59px}<\/style><h3 class=\"elementor-heading-title elementor-size-default\">Resgate Seu Desconto<\/h3>\t\t<\/div>\n\t\t\t\t<\/div>\n\t\t\t\t<div class=\"elementor-element elementor-element-7a3ab01f elementor-widget elementor-widget-text-editor\" data-id=\"7a3ab01f\" data-element_type=\"widget\" data-widget_type=\"text-editor.default\">\n\t\t\t\t<div class=\"elementor-widget-container\">\n\t\t\t\t\t\t\t<p>Preencha o formul\u00e1rio para receber 10% de desconto!<\/p><p>O desconto s\u00f3 \u00e9 v\u00e1lido por 7 dias contados a partir da data do resgate!<\/p>\t\t\t\t\t\t<\/div>\n\t\t\t\t<\/div>\n\t\t\t\t<div class=\"elementor-element elementor-element-772777d elementor-widget elementor-widget-text-editor\" data-id=\"772777d\" data-element_type=\"widget\" data-widget_type=\"text-editor.default\">\n\t\t\t\t<div class=\"elementor-widget-container\">\n\t\t\t\t\t\t\t<div class=\"wpforms-container wpforms-container-full\" id=\"wpforms-30\"><form id=\"wpforms-form-30\" class=\"wpforms-validate wpforms-form wpforms-ajax-form\" data-formid=\"30\" method=\"post\" enctype=\"multipart\/form-data\" action=\"\/promocoes\/wp-json\/wp\/v2\/pages\/105\" data-token=\"333906b209d115eb325a2fe801c7a40d\"><noscript class=\"wpforms-error-noscript\">Ative o JavaScript no seu navegador para preencher este formul\u00e1rio.<\/noscript><div class=\"wpforms-field-container\"><div id=\"wpforms-30-field_0-container\" class=\"wpforms-field wpforms-field-name wpf-center\" data-field-id=\"0\"><label class=\"wpforms-field-label\" for=\"wpforms-30-field_0\">Nome e Sobrenome <span class=\"wpforms-required-label\">*<\/span><\/label><div class=\"wpforms-field-row wpforms-field-medium\"><div class=\"wpforms-field-row-block wpforms-first wpforms-one-half\"><input type=\"text\" id=\"wpforms-30-field_0\" class=\"wpforms-field-name-first wpforms-field-required\" name=\"wpforms[fields][0][first]\" required><label for=\"wpforms-30-field_0\" class=\"wpforms-field-sublabel after \">Nome<\/label><\/div><div class=\"wpforms-field-row-block wpforms-one-half\"><input type=\"text\" id=\"wpforms-30-field_0-last\" class=\"wpforms-field-name-last wpforms-field-required\" name=\"wpforms[fields][0][last]\" required><label for=\"wpforms-30-field_0-last\" class=\"wpforms-field-sublabel after \">Sobrenome<\/label><\/div><\/div><\/div><div id=\"wpforms-30-field_1-container\" class=\"wpforms-field wpforms-field-email wpf-center\" data-field-id=\"1\"><label class=\"wpforms-field-label\" for=\"wpforms-30-field_1\">Email <span class=\"wpforms-required-label\">*<\/span><\/label><input type=\"email\" id=\"wpforms-30-field_1\" class=\"wpforms-field-small wpforms-field-required\" name=\"wpforms[fields][1]\" required><div class=\"wpforms-field-description\">Insira o seu email<\/div><\/div><div id=\"wpforms-30-field_3-container\" class=\"wpforms-field wpforms-field-text wpf-center\" data-field-id=\"3\"><label class=\"wpforms-field-label\" for=\"wpforms-30-field_3\">CPF <span class=\"wpforms-required-label\">*<\/span><\/label><input type=\"text\" id=\"wpforms-30-field_3\" class=\"wpforms-field-small wpforms-field-required\" name=\"wpforms[fields][3]\" required><div class=\"wpforms-field-description\">Digite o seu CPF<\/div><\/div><\/div><div class=\"wpforms-submit-container\"><input type=\"hidden\" name=\"wpforms[id]\" value=\"30\"><input type=\"hidden\" name=\"wpforms[author]\" value=\"2\"><button type=\"submit\" name=\"wpforms[submit]\" id=\"wpforms-submit-30\" class=\"wpforms-submit\" data-alt-text=\"Resgatando Desconto...\" data-submit-text=\"RESGATE O SEU DESCONTO!\" aria-live=\"assertive\" value=\"wpforms-submit\">RESGATE O SEU DESCONTO!<\/button><img loading=\"lazy\" decoding=\"async\" src=\"https:\/\/www.motelmorumbi.com.br\/promocoes\/wp-content\/plugins\/wpforms-lite\/assets\/images\/submit-spin.svg\" class=\"wpforms-submit-spinner\" style=\"display: none;\" width=\"26\" height=\"26\" alt=\"\"><\/div><\/form><\/div>  <!-- .wpforms-container -->\t\t\t\t\t\t<\/div>\n\t\t\t\t<\/div>\n\t\t\t\t\t<\/div>\n\t\t<\/div>\n\t\t\t\t<div class=\"elementor-column elementor-col-50 elementor-top-column elementor-element elementor-element-2debedd0\" data-id=\"2debedd0\" data-element_type=\"column\">\n\t\t\t<div class=\"elementor-widget-wrap elementor-element-populated\">\n\t\t\t\t\t\t\t\t<div class=\"elementor-element elementor-element-3c9cae4e elementor-widget elementor-widget-image\" data-id=\"3c9cae4e\" data-element_type=\"widget\" data-widget_type=\"image.default\">\n\t\t\t\t<div class=\"elementor-widget-container\">\n\t\t\t<style>\/*! elementor - v3.6.6 - 08-06-2022 *\/\n.elementor-widget-image{text-align:center}.elementor-widget-image a{display:inline-block}.elementor-widget-image a img[src$=\".svg\"]{width:48px}.elementor-widget-image img{vertical-align:middle;display:inline-block}<\/style>\t\t\t\t\t\t\t\t\t\t\t\t<img loading=\"lazy\" decoding=\"async\" width=\"900\" height=\"1600\" src=\"https:\/\/www.motelmorumbi.com.br\/promocoes\/wp-content\/uploads\/2022\/05\/2.jpeg\" class=\"attachment-2048x2048 size-2048x2048\" alt=\"\" srcset=\"https:\/\/www.motelmorumbi.com.br\/promocoes\/wp-content\/uploads\/2022\/05\/2.jpeg 900w, https:\/\/www.motelmorumbi.com.br\/promocoes\/wp-content\/uploads\/2022\/05\/2-169x300.jpeg 169w, https:\/\/www.motelmorumbi.com.br\/promocoes\/wp-content\/uploads\/2022\/05\/2-576x1024.jpeg 576w, https:\/\/www.motelmorumbi.com.br\/promocoes\/wp-content\/uploads\/2022\/05\/2-768x1365.jpeg 768w, https:\/\/www.motelmorumbi.com.br\/promocoes\/wp-content\/uploads\/2022\/05\/2-864x1536.jpeg 864w\" sizes=\"auto, (max-width: 900px) 100vw, 900px\" \/>\t\t\t\t\t\t\t\t\t\t\t\t\t\t\t<\/div>\n\t\t\t\t<\/div>\n\t\t\t\t\t<\/div>\n\t\t<\/div>\n\t\t\t\t\t\t\t<\/div>\n\t\t<\/section>\n\t\t\t\t\t\t\t<\/div>\n\t\t","protected":false},"excerpt":{"rendered":"<p>MOTEL MORUMBI Promo\u00e7\u00f5es e Cortesias V\u00e1lidas s\u00f3 para su\u00edtes com hidromassagem e per\u00edodos de 12h, de 2.\u00aa a 5.\u00aa Feira, exceto feriados e Dia dos Namorados. Caf\u00e9 da manh\u00e3 de pernoite (simples) com entradas at\u00e9 \u00e0s 20:00 (servido das 6:30 \u00e0s 8:00). Pizza de Mussarela ou Calabresa com entrada at\u00e9 as 10:00 da manh\u00e3 (servida [&hellip;]<\/p>\n","protected":false},"author":2,"featured_media":0,"parent":0,"menu_order":0,"comment_status":"closed","ping_status":"closed","template":"elementor_header_footer","meta":{"footnotes":""},"class_list":["post-105","page","type-page","status-publish","hentry"],"_links":{"self":[{"href":"https:\/\/www.motelmorumbi.com.br\/promocoes\/wp-json\/wp\/v2\/pages\/105","targetHints":{"allow":["GET"]}}],"collection":[{"href":"https:\/\/www.motelmorumbi.com.br\/promocoes\/wp-json\/wp\/v2\/pages"}],"about":[{"href":"https:\/\/www.motelmorumbi.com.br\/promocoes\/wp-json\/wp\/v2\/types\/page"}],"author":[{"embeddable":true,"href":"https:\/\/www.motelmorumbi.com.br\/promocoes\/wp-json\/wp\/v2\/users\/2"}],"replies":[{"embeddable":true,"href":"https:\/\/www.motelmorumbi.com.br\/promocoes\/wp-json\/wp\/v2\/comments?post=105"}],"version-history":[{"count":67,"href":"https:\/\/www.motelmorumbi.com.br\/promocoes\/wp-json\/wp\/v2\/pages\/105\/revisions"}],"predecessor-version":[{"id":205,"href":"https:\/\/www.motelmorumbi.com.br\/promocoes\/wp-json\/wp\/v2\/pages\/105\/revisions\/205"}],"wp:attachment":[{"href":"https:\/\/www.motelmorumbi.com.br\/promocoes\/wp-json\/wp\/v2\/media?parent=105"}],"curies":[{"name":"wp","href":"https:\/\/api.w.org\/{rel}","templated":true}]}}